{"id":759,"date":"2013-11-06T10:36:14","date_gmt":"2013-11-06T10:36:14","guid":{"rendered":"http:\/\/www.gt3themes.com\/wordpress-themes\/mavericks\/?page_id=759"},"modified":"2021-05-09T14:46:16","modified_gmt":"2021-05-09T12:46:16","slug":"a-propos","status":"publish","type":"page","link":"https:\/\/prodalis.fr\/WP\/a-propos\/","title":{"rendered":"A propos"},"content":{"rendered":"<div class='gt3_row-fluid'><div data-appear-top-offset='-100'  style='padding-bottom:40px;' class='gt3_col12 first-module module_number_1 module_cont  module_text_area '><div class='bg_title'><h1 style='' class='headInModule'>A PROPOS<\/h1><\/div>\n                <div class='module_content'>\n                    \n                <\/div><\/div><!-- .module_cont --><\/div><div class='gt3_row-fluid'><div data-appear-top-offset='-100' data-animated='fadeInLeft' style='padding-bottom:0px;' class='gt3_col6  module_number_2 module_cont  module_testimonial op0'>\n\t\t\t<div class='module_content testimonials_list'>\n\t\t\t    <ul>\n                            <li style='width:100%'>\n                                <div class='item'>\n\t\t\t\t\t\t\t\t\t<div class='testimonial_item_wrapper'>\n\t\t\t\t\t\t\t\t\t\t<div class='testimonials_photo'>\n\t\t\t\t\t\t\t\t\t\t\t\t<img src='https:\/\/prodalis.fr\/WP\/wp-content\/uploads\/2013\/10\/regis-icon-140x140.jpg' class='testimonials_ava'>\n\t\t\t\t\t\t\t\t\t\t<\/div>\n\t\t\t\t\t\t\t\t\t\t<div class='testimonials_text'>\n\t\t\t\t\t\t\t\t\t\t\t<h5 class='testimonials_heading'>R\u00e9gis Rigal<\/h5>\n\t\t\t\t\t\t\t\t\t\t\t<h6 class='testimonials_company'>Pr\u00e9sident<\/h6>\n\t\t\t\t\t\t\t\t\t\t\t<p><p style=\"text-align: justify;\">Fondateur de plusieurs soci\u00e9t\u00e9s d'\u00e9dition de logiciels, R\u00e9gis Rigal est un d\u00e9veloppeur exp\u00e9riment\u00e9, passionn\u00e9 par les nouvelles technologies. Sa maitrise des environnements de d\u00e9veloppements Web, Windows et Apple lui permettent de piloter des projets multi-plateformes.<\/p>\r\n<p style=\"text-align: justify;\"><\/p><\/p>\n\t\t\t\t\t\t\t\t\t\t<\/div>\n\t\t\t\t\t\t\t\t\t<\/div>\n\t\t\t\t\t\t\t\t<\/div>\n                            <\/li>\n                            <\/ul>\n\t\t\t<\/div><\/div><!-- .module_cont --><div data-appear-top-offset='-100' data-animated='fadeInRight' style='padding-bottom:50px;' class='gt3_col6  module_number_3 module_cont  module_accordion op0'>\n                <div class='shortcode_accordion_shortcode accordion'><h5 data-count='1' class='shortcode_accordion_item_title expanded_yes'>A d\u00e9couvrir...<span class='ico'><\/span><\/h5><div class='shortcode_accordion_item_body'><div class='ip'><p>D&eacute;couvrez le site de photos regisrigal-photo.fr&nbsp;:<\/p>\r\n<p><a href=\"http:\/\/www.regisrigal-photo.fr\"><img class=\"alignnone size-full wp-image-1332\" style=\"color: #000000;\" src=\"\/WP\/wp-content\/uploads\/2013\/11\/regisrigalphoto.jpg\" alt=\"regisrigalphoto\" width=\"300\" height=\"257\" \/><\/a><\/p><\/div><\/div><\/div>\n\t\t\t<\/div><!-- .module_cont --><\/div>","protected":false},"excerpt":{"rendered":"<p>A PROPOS R\u00e9gis Rigal Pr\u00e9sident Fondateur de plusieurs soci\u00e9t\u00e9s d&rsquo;\u00e9dition de logiciels, R\u00e9gis Rigal est un d\u00e9veloppeur exp\u00e9riment\u00e9, passionn\u00e9 par les nouvelles technologies. Sa maitrise des environnements de d\u00e9veloppements Web, Windows et Apple lui permettent de piloter des projets multi-plateformes. A d\u00e9couvrir&#8230;D&eacute;couvrez le site de photos regisrigal-photo.fr&nbsp;:<\/p>\n","protected":false},"author":1,"featured_media":0,"parent":0,"menu_order":0,"comment_status":"open","ping_status":"open","template":"","meta":{"_mi_skip_tracking":false},"yoast_head":"<!-- This site is optimized with the Yoast SEO plugin v19.8 - https:\/\/yoast.com\/wordpress\/plugins\/seo\/ -->\n<title>A propos - PRODALIS<\/title>\n<meta name=\"description\" content=\"Plus d&#039;informations sur PRODALIS SASU\" \/>\n<meta name=\"robots\" content=\"index, follow, max-snippet:-1, max-image-preview:large, max-video-preview:-1\" \/>\n<link rel=\"canonical\" href=\"https:\/\/prodalis.fr\/WP\/a-propos\/\" \/>\n<meta property=\"og:locale\" content=\"fr_FR\" \/>\n<meta property=\"og:type\" content=\"article\" \/>\n<meta property=\"og:title\" content=\"A propos - PRODALIS\" \/>\n<meta property=\"og:description\" content=\"Plus d&#039;informations sur PRODALIS SASU\" \/>\n<meta property=\"og:url\" content=\"https:\/\/prodalis.fr\/WP\/a-propos\/\" \/>\n<meta property=\"og:site_name\" content=\"PRODALIS\" \/>\n<meta property=\"article:modified_time\" content=\"2021-05-09T12:46:16+00:00\" \/>\n<meta name=\"twitter:card\" content=\"summary_large_image\" \/>\n<script type=\"application\/ld+json\" class=\"yoast-schema-graph\">{\"@context\":\"https:\/\/schema.org\",\"@graph\":[{\"@type\":\"WebPage\",\"@id\":\"https:\/\/prodalis.fr\/WP\/a-propos\/\",\"url\":\"https:\/\/prodalis.fr\/WP\/a-propos\/\",\"name\":\"A propos - PRODALIS\",\"isPartOf\":{\"@id\":\"https:\/\/prodalis.fr\/WP\/#website\"},\"datePublished\":\"2013-11-06T10:36:14+00:00\",\"dateModified\":\"2021-05-09T12:46:16+00:00\",\"description\":\"Plus d'informations sur PRODALIS SASU\",\"breadcrumb\":{\"@id\":\"https:\/\/prodalis.fr\/WP\/a-propos\/#breadcrumb\"},\"inLanguage\":\"fr-FR\",\"potentialAction\":[{\"@type\":\"ReadAction\",\"target\":[\"https:\/\/prodalis.fr\/WP\/a-propos\/\"]}]},{\"@type\":\"BreadcrumbList\",\"@id\":\"https:\/\/prodalis.fr\/WP\/a-propos\/#breadcrumb\",\"itemListElement\":[{\"@type\":\"ListItem\",\"position\":1,\"name\":\"Accueil\",\"item\":\"https:\/\/prodalis.fr\/WP\/\"},{\"@type\":\"ListItem\",\"position\":2,\"name\":\"A propos\"}]},{\"@type\":\"WebSite\",\"@id\":\"https:\/\/prodalis.fr\/WP\/#website\",\"url\":\"https:\/\/prodalis.fr\/WP\/\",\"name\":\"PRODALIS\",\"description\":\"Editeur de logiciels web, windows et mobile. Conseils en informatique. Expert billetterie \u00e9v\u00e9nementielle\",\"potentialAction\":[{\"@type\":\"SearchAction\",\"target\":{\"@type\":\"EntryPoint\",\"urlTemplate\":\"https:\/\/prodalis.fr\/WP\/?s={search_term_string}\"},\"query-input\":\"required name=search_term_string\"}],\"inLanguage\":\"fr-FR\"}]}<\/script>\n<!-- \/ Yoast SEO plugin. -->","yoast_head_json":{"title":"A propos - PRODALIS","description":"Plus d'informations sur PRODALIS SASU","robots":{"index":"index","follow":"follow","max-snippet":"max-snippet:-1","max-image-preview":"max-image-preview:large","max-video-preview":"max-video-preview:-1"},"canonical":"https:\/\/prodalis.fr\/WP\/a-propos\/","og_locale":"fr_FR","og_type":"article","og_title":"A propos - PRODALIS","og_description":"Plus d'informations sur PRODALIS SASU","og_url":"https:\/\/prodalis.fr\/WP\/a-propos\/","og_site_name":"PRODALIS","article_modified_time":"2021-05-09T12:46:16+00:00","twitter_card":"summary_large_image","schema":{"@context":"https:\/\/schema.org","@graph":[{"@type":"WebPage","@id":"https:\/\/prodalis.fr\/WP\/a-propos\/","url":"https:\/\/prodalis.fr\/WP\/a-propos\/","name":"A propos - PRODALIS","isPartOf":{"@id":"https:\/\/prodalis.fr\/WP\/#website"},"datePublished":"2013-11-06T10:36:14+00:00","dateModified":"2021-05-09T12:46:16+00:00","description":"Plus d'informations sur PRODALIS SASU","breadcrumb":{"@id":"https:\/\/prodalis.fr\/WP\/a-propos\/#breadcrumb"},"inLanguage":"fr-FR","potentialAction":[{"@type":"ReadAction","target":["https:\/\/prodalis.fr\/WP\/a-propos\/"]}]},{"@type":"BreadcrumbList","@id":"https:\/\/prodalis.fr\/WP\/a-propos\/#breadcrumb","itemListElement":[{"@type":"ListItem","position":1,"name":"Accueil","item":"https:\/\/prodalis.fr\/WP\/"},{"@type":"ListItem","position":2,"name":"A propos"}]},{"@type":"WebSite","@id":"https:\/\/prodalis.fr\/WP\/#website","url":"https:\/\/prodalis.fr\/WP\/","name":"PRODALIS","description":"Editeur de logiciels web, windows et mobile. Conseils en informatique. Expert billetterie \u00e9v\u00e9nementielle","potentialAction":[{"@type":"SearchAction","target":{"@type":"EntryPoint","urlTemplate":"https:\/\/prodalis.fr\/WP\/?s={search_term_string}"},"query-input":"required name=search_term_string"}],"inLanguage":"fr-FR"}]}},"_links":{"self":[{"href":"https:\/\/prodalis.fr\/WP\/wp-json\/wp\/v2\/pages\/759"}],"collection":[{"href":"https:\/\/prodalis.fr\/WP\/wp-json\/wp\/v2\/pages"}],"about":[{"href":"https:\/\/prodalis.fr\/WP\/wp-json\/wp\/v2\/types\/page"}],"author":[{"embeddable":true,"href":"https:\/\/prodalis.fr\/WP\/wp-json\/wp\/v2\/users\/1"}],"replies":[{"embeddable":true,"href":"https:\/\/prodalis.fr\/WP\/wp-json\/wp\/v2\/comments?post=759"}],"version-history":[{"count":4,"href":"https:\/\/prodalis.fr\/WP\/wp-json\/wp\/v2\/pages\/759\/revisions"}],"predecessor-version":[{"id":1335,"href":"https:\/\/prodalis.fr\/WP\/wp-json\/wp\/v2\/pages\/759\/revisions\/1335"}],"wp:attachment":[{"href":"https:\/\/prodalis.fr\/WP\/wp-json\/wp\/v2\/media?parent=759"}],"curies":[{"name":"wp","href":"https:\/\/api.w.org\/{rel}","templated":true}]}}