  {"id":682,"date":"2013-11-05T08:39:03","date_gmt":"2013-11-05T08:39:03","guid":{"rendered":"http:\/\/www.gt3themes.com\/wordpress-themes\/mavericks\/?page_id=682"},"modified":"2025-05-13T09:22:38","modified_gmt":"2025-05-13T07:22:38","slug":"prodalis-conseils-developpements-informatiques","status":"publish","type":"page","link":"https:\/\/prodalis.fr\/WP\/","title":{"rendered":"PRODALIS &#8211; Conseils et developpements informatiques"},"content":{"rendered":"<div class='gt3_row-fluid'><div data-appear-top-offset='-100'  style='padding-bottom:40px;' class='gt3_col12 first-module module_number_1 module_cont  module_layer_slider '>\n                <div class='module_content'>\n                    <script type=\"text\/javascript\">var lsjQuery = jQuery;<\/script><script type=\"text\/javascript\"> lsjQuery(document).ready(function() { if(typeof lsjQuery.fn.layerSlider == \"undefined\") { lsShowNotice('layerslider_8','jquery'); } else { lsjQuery(\"#layerslider_8\").layerSlider({responsive: false, responsiveUnder: 1280, layersContainer: 1280, skin: 'noskin', globalBGColor: 'transparent', navPrevNext: false, hoverPrevNext: false, navStartStop: false, navButtons: false, thumbnailNavigation: 'disabled', autoPlayVideos: false, yourLogoStyle: 'left: 10px; top: 10px;', cbInit: function(element) { }, cbStart: function(data) { }, cbStop: function(data) { }, cbPause: function(data) { }, cbAnimStart: function(data) { }, cbAnimStop: function(data) { }, cbPrev: function(data) { }, cbNext: function(data) { }, skinsPath: 'https:\/\/prodalis.fr\/WP\/wp-content\/plugins\/LayerSlider\/static\/skins\/'}) } }); <\/script><div class=\"ls-wp-fullwidth-container\"><div class=\"ls-wp-fullwidth-helper\"><div id=\"layerslider_8\" class=\"ls-wp-container\" style=\"width:100%;height:500px;margin:0 auto;margin-bottom: 0px;\"><div class=\"ls-slide\" data-ls=\"slidedelay:5000;transition2d:1;timeshift:-1000;\"><img src=\"https:\/\/prodalis.fr\/WP\/wp-content\/plugins\/LayerSlider\/static\/img\/blank.gif\" data-src=\"https:\/\/prodalis.fr\/WP\/wp-content\/uploads\/2021\/04\/fondtheatre2.jpeg\" class=\"ls-bg\" alt=\"Slide background\" \/><p class=\"ls-l\" style=\"top:161px;left:100px;font-family:Montserrat, 'Open Sans', sans-serif;font-size:40px;line-height:55px;color:#ffffff;white-space: nowrap;\" data-ls=\"offsetxin:0;durationin:2000;easingin:easeOutElastic;rotatexin:90;transformoriginin:50% top 0;offsetxout:-600;\">Expert en billetterie \u00e9v\u00e9nementielle<br> D\u00e9veloppement et gestion de projets<\/p><p class=\"ls-l\" style=\"top:38px;left:100px;font-family:Montserrat, 'Open Sans', sans-serif;font-size:21px;line-height:55px;color:#ffffff;white-space: nowrap;\" data-ls=\"offsetxin:0;durationin:2000;delayin:2000;easingin:easeOutElastic;rotatexin:90;transformoriginin:50% top 0;offsetxout:-600;\">SPECTACLE VIVANT | SPORT | MUSEES | FESTIVALS <\/p><p class=\"ls-l\" style=\"top:371px;left:100px;font-family:Montserrat, 'Open Sans', sans-serif;font-size:21px;line-height:55px;color:#ffffff;white-space: nowrap;\" data-ls=\"offsetxin:0;durationin:2000;delayin:2000;easingin:easeOutElastic;rotatexin:90;transformoriginin:50% top 0;offsetxout:-600;\">BILLETTERIE | CONTROLE D'ACCES | VENTE EN LIGNE <\/p><\/div><\/div><\/div><\/div>\n                <\/div><\/div><!-- .module_cont --><\/div><div class='gt3_row-fluid'><div data-appear-top-offset='-100'  style='padding-bottom:40px;' class='gt3_col4  module_number_2 module_cont  module_iconboxes '>\n\t\t\t<div class='module_content shortcode_iconbox'>\n\t\t\t\t\t\t\t\n\t\t\t\t<div class='iconbox_wrapper'>\t\t\t\t\t\n\t\t\t\t\t\t<div class='ico_wrapper'>\n\t\t\t\t\t\t\t<div class='ico'>\n\t\t\t\t\t\t\t\t<span><i class=icon-ticket><\/i><\/span>\n\t\t\t\t\t\t\t<\/div>\n\t\t\t\t\t\t<\/div>\n\t\t\t\t\t\t<div class='iconbox_body'>\n\t\t\t\t\t\t\t<h5 class='iconbox_title'><b>Spectacle vivant,<br>\u00e9v\u00e9nements sportifs,<br>mus\u00e9es,<br>festivals, ...<\/b><\/h5>\n\t\t\t\t\t\t\t<p><\/p>\n\t\t\t\t\t\t<\/div>\t\t\t\t\t\n\t\t\t\t<\/div>\n\t\t\t\t\n\t\t\t<\/div>\n\t\t\t<\/div><!-- .module_cont --><div data-appear-top-offset='-100'  style='padding-bottom:40px;' class='gt3_col4  module_number_3 module_cont  module_iconboxes '>\n\t\t\t<div class='module_content shortcode_iconbox'>\n\t\t\t\t\t\t\t\n\t\t\t\t<div class='iconbox_wrapper'>\t\t\t\t\t\n\t\t\t\t\t\t<div class='ico_wrapper'>\n\t\t\t\t\t\t\t<div class='ico'>\n\t\t\t\t\t\t\t\t<span><i class=icon-dashboard><\/i><\/span>\n\t\t\t\t\t\t\t<\/div>\n\t\t\t\t\t\t<\/div>\n\t\t\t\t\t\t<div class='iconbox_body'>\n\t\t\t\t\t\t\t<h5 class='iconbox_title'><b>Gestion de caisse,<br>contr\u00f4le d&#039;acc\u00e8s,<br>vente en ligne,<br>interfaces temps r\u00e9el,<br>CRM, ...<\/b><\/h5>\n\t\t\t\t\t\t\t<p><\/p>\n\t\t\t\t\t\t<\/div>\t\t\t\t\t\n\t\t\t\t<\/div>\n\t\t\t\t\n\t\t\t<\/div>\n\t\t\t<\/div><!-- .module_cont --><div data-appear-top-offset='-100'  style='padding-bottom:40px;' class='gt3_col4  module_number_4 module_cont  module_iconboxes '>\n\t\t\t<div class='module_content shortcode_iconbox'>\n\t\t\t\t\t\t\t\n\t\t\t\t<div class='iconbox_wrapper'>\t\t\t\t\t\n\t\t\t\t\t\t<div class='ico_wrapper'>\n\t\t\t\t\t\t\t<div class='ico'>\n\t\t\t\t\t\t\t\t<span><i class=icon-comments-alt><\/i><\/span>\n\t\t\t\t\t\t\t<\/div>\n\t\t\t\t\t\t<\/div>\n\t\t\t\t\t\t<div class='iconbox_body'>\n\t\t\t\t\t\t\t<h5 class='iconbox_title'><b>Conseils et<br>gestion de projets<\/b><\/h5>\n\t\t\t\t\t\t\t<p><\/p>\n\t\t\t\t\t\t<\/div>\t\t\t\t\t\n\t\t\t\t<\/div>\n\t\t\t\t\n\t\t\t<\/div>\n\t\t\t<\/div><!-- .module_cont --><\/div><div class='gt3_row-fluid'><div data-appear-top-offset='-100'  style='padding-bottom:40px;' class='gt3_col12  module_number_5 module_cont  module_html '>\n                <div class='module_content'>\n                    <br\/><br\/>\n                <\/div><\/div><!-- .module_cont --><\/div><div class='gt3_row-fluid'><div data-appear-top-offset='-100'  style='padding-bottom:2px;' class='gt3_col12  module_number_6 module_cont center_title module_text_area '><div class='bg_title'><h1 style='color:#000000;text-align:center;' class='headInModule'><b>EDITION DE LOGICIELS<\/b><\/h1><\/div>\n                <div class='module_content'>\n                    \n                <\/div><\/div><!-- .module_cont --><\/div><div class='gt3_row-fluid'><div data-appear-top-offset='-100'  style='padding-bottom:2px;' class='gt3_col12  module_number_7 module_cont center_title module_text_area '><div class='bg_title'><h2 style='color:#000000;text-align:center;' class='headInModule'>DEVELOPPEMENT D&#039;APPLICATIONS SUR MESURE<\/h2><\/div>\n                <div class='module_content'>\n                    \n                <\/div><\/div><!-- .module_cont --><\/div><div class='gt3_row-fluid'><div data-appear-top-offset='-100'  style='padding-bottom:40px;' class='gt3_col12  module_number_8 module_cont center_title module_text_area '><div class='bg_title'><h2 style='color:#000000;text-align:center;' class='headInModule'>PRESTATION DE SERVICE<\/h2><\/div>\n                <div class='module_content'>\n                    \n                <\/div><\/div><!-- .module_cont --><\/div><div class='gt3_row-fluid'><div data-appear-top-offset='-100' data-animated='fadeInUp' style='padding-bottom:60px;' class='gt3_col3  module_number_9 module_cont  module_iconboxes op0'>\n\t\t\t<div class='module_content shortcode_iconbox'>\n\t\t\t\t\t\t\t\n\t\t\t\t<div class='iconbox_wrapper'>\t\t\t\t\t\n\t\t\t\t\t\t<div class='ico_wrapper'>\n\t\t\t\t\t\t\t<div class='ico'>\n\t\t\t\t\t\t\t\t<span><i class=icon-cloud><\/i><\/span>\n\t\t\t\t\t\t\t<\/div>\n\t\t\t\t\t\t<\/div>\n\t\t\t\t\t\t<div class='iconbox_body'>\n\t\t\t\t\t\t\t<h5 class='iconbox_title'><b>Applications Web<br>eCommerce<\/b><\/h5>\n\t\t\t\t\t\t\t<p><p>ASP.NET MVC \/ VueJS<br \/>Webservices<br \/>Bases de donn&eacute;es SQL<br \/>H&eacute;bergement<\/p><\/p>\n\t\t\t\t\t\t<\/div>\t\t\t\t\t\n\t\t\t\t<\/div>\n\t\t\t\t\n\t\t\t<\/div>\n\t\t\t<\/div><!-- .module_cont --><div data-appear-top-offset='-100' data-animated='fadeInUp' style='padding-bottom:40px;' class='gt3_col3  module_number_10 module_cont  module_iconboxes op0'>\n\t\t\t<div class='module_content shortcode_iconbox'>\n\t\t\t\t\t\t\t\n\t\t\t\t<div class='iconbox_wrapper'>\t\t\t\t\t\n\t\t\t\t\t\t<div class='ico_wrapper'>\n\t\t\t\t\t\t\t<div class='ico'>\n\t\t\t\t\t\t\t\t<span><i class=icon-apple><\/i><\/span>\n\t\t\t\t\t\t\t<\/div>\n\t\t\t\t\t\t<\/div>\n\t\t\t\t\t\t<div class='iconbox_body'>\n\t\t\t\t\t\t\t<h5 class='iconbox_title'><b>Applications sur mobiles<br>et tablettes<\/b><\/h5>\n\t\t\t\t\t\t\t<p><p>Xamarin<br \/>.Net Core<\/p><\/p>\n\t\t\t\t\t\t<\/div>\t\t\t\t\t\n\t\t\t\t<\/div>\n\t\t\t\t\n\t\t\t<\/div>\n\t\t\t<\/div><!-- .module_cont --><div data-appear-top-offset='-100' data-animated='fadeInUp' style='padding-bottom:40px;' class='gt3_col3  module_number_11 module_cont  module_iconboxes op0'>\n\t\t\t<div class='module_content shortcode_iconbox'>\n\t\t\t\t\t\t\t\n\t\t\t\t<div class='iconbox_wrapper'>\t\t\t\t\t\n\t\t\t\t\t\t<div class='ico_wrapper'>\n\t\t\t\t\t\t\t<div class='ico'>\n\t\t\t\t\t\t\t\t<span><i class=icon-windows><\/i><\/span>\n\t\t\t\t\t\t\t<\/div>\n\t\t\t\t\t\t<\/div>\n\t\t\t\t\t\t<div class='iconbox_body'>\n\t\t\t\t\t\t\t<h5 class='iconbox_title'><b>Applications Windows<\/b><\/h5>\n\t\t\t\t\t\t\t<p><p><span style=\"line-height: 1.5em;\">Microsoft .NET<\/span><span style=\"line-height: 1.5em;\">&nbsp;\/ C#<br \/><\/span>Client lourd<br \/>WebServices<br \/>Bases de donn&eacute;es SQL<\/p><\/p>\n\t\t\t\t\t\t<\/div>\t\t\t\t\t\n\t\t\t\t<\/div>\n\t\t\t\t\n\t\t\t<\/div>\n\t\t\t<\/div><!-- .module_cont --><div data-appear-top-offset='-100' data-animated='fadeInUp' style='padding-bottom:40px;' class='gt3_col3  module_number_12 module_cont  module_iconboxes op0'>\n\t\t\t<div class='module_content shortcode_iconbox'>\n\t\t\t\t\t\t\t\n\t\t\t\t<div class='iconbox_wrapper'>\t\t\t\t\t\n\t\t\t\t\t\t<div class='ico_wrapper'>\n\t\t\t\t\t\t\t<div class='ico'>\n\t\t\t\t\t\t\t\t<span><i class=icon-thumbs-up-alt><\/i><\/span>\n\t\t\t\t\t\t\t<\/div>\n\t\t\t\t\t\t<\/div>\n\t\t\t\t\t\t<div class='iconbox_body'>\n\t\t\t\t\t\t\t<h5 class='iconbox_title'><b>Conseils et<br>gestion de projets<\/b><\/h5>\n\t\t\t\t\t\t\t<p><p>Accompagnement dans la r&eacute;daction de cahier des charges, gestion de projets informatiques.<\/p><\/p>\n\t\t\t\t\t\t<\/div>\t\t\t\t\t\n\t\t\t\t<\/div>\n\t\t\t\t\n\t\t\t<\/div>\n\t\t\t<\/div><!-- .module_cont --><\/div>","protected":false},"excerpt":{"rendered":"<p>Expert en billetterie \u00e9v\u00e9nementielle D\u00e9veloppement et gestion de projetsSPECTACLE VIVANT | SPORT | MUSEES | FESTIVALS BILLETTERIE | CONTROLE D&rsquo;ACCES | VENTE EN LIGNE Spectacle vivant,\u00e9v\u00e9nements sportifs,mus\u00e9es,festivals, &#8230; Gestion de caisse,contr\u00f4le d&#039;acc\u00e8s,vente en ligne,interfaces temps r\u00e9el,CRM, &#8230; Conseils etgestion de projets EDITION DE LOGICIELS DEVELOPPEMENT D&#039;APPLICATIONS SUR MESURE PRESTATION DE SERVICE Applications WebeCommerce ASP.NET MVC \/ VueJSWebservicesBases de donn&eacute;es SQLH&eacute;bergement Applications sur mobileset tablettes Xamarin.Net Core Applications Windows Microsoft .NET&nbsp;\/ C#Client lourdWebServicesBases de donn&eacute;es SQL Conseils etgestion de projets Accompagnement dans la r&eacute;daction de cahier des charges, gestion de projets informatiques.<\/p>\n","protected":false},"author":1,"featured_media":0,"parent":0,"menu_order":0,"comment_status":"open","ping_status":"open","template":"","meta":{"_mi_skip_tracking":false},"yoast_head":"<!-- This site is optimized with the Yoast SEO plugin v19.8 - https:\/\/yoast.com\/wordpress\/plugins\/seo\/ -->\n<title>PRODALIS - Conseils et developpements informatiques - PRODALIS<\/title>\n<meta name=\"description\" content=\"PRODALIS SASU -Conseils et d\u00e9veloppements informatiques Web, Windows et iOS. PharmaStup : Registre comptable des stupefiants pour officines.\" \/>\n<meta name=\"robots\" content=\"index, follow, max-snippet:-1, max-image-preview:large, max-video-preview:-1\" \/>\n<link rel=\"canonical\" href=\"https:\/\/prodalis.fr\/WP\/\" \/>\n<meta property=\"og:locale\" content=\"fr_FR\" \/>\n<meta property=\"og:type\" content=\"article\" \/>\n<meta property=\"og:title\" content=\"PRODALIS - Conseils et developpements informatiques - PRODALIS\" \/>\n<meta property=\"og:description\" content=\"PRODALIS SASU -Conseils et d\u00e9veloppements informatiques Web, Windows et iOS. PharmaStup : Registre comptable des stupefiants pour officines.\" \/>\n<meta property=\"og:url\" content=\"https:\/\/prodalis.fr\/WP\/\" \/>\n<meta property=\"og:site_name\" content=\"PRODALIS\" \/>\n<meta property=\"article:modified_time\" content=\"2025-05-13T07:22:38+00:00\" \/>\n<meta name=\"twitter:card\" content=\"summary_large_image\" \/>\n<script type=\"application\/ld+json\" class=\"yoast-schema-graph\">{\"@context\":\"https:\/\/schema.org\",\"@graph\":[{\"@type\":\"WebPage\",\"@id\":\"https:\/\/prodalis.fr\/WP\/\",\"url\":\"https:\/\/prodalis.fr\/WP\/\",\"name\":\"PRODALIS - Conseils et developpements informatiques - PRODALIS\",\"isPartOf\":{\"@id\":\"https:\/\/prodalis.fr\/WP\/#website\"},\"datePublished\":\"2013-11-05T08:39:03+00:00\",\"dateModified\":\"2025-05-13T07:22:38+00:00\",\"description\":\"PRODALIS SASU -Conseils et d\u00e9veloppements informatiques Web, Windows et iOS. PharmaStup : Registre comptable des stupefiants pour officines.\",\"breadcrumb\":{\"@id\":\"https:\/\/prodalis.fr\/WP\/#breadcrumb\"},\"inLanguage\":\"fr-FR\",\"potentialAction\":[{\"@type\":\"ReadAction\",\"target\":[\"https:\/\/prodalis.fr\/WP\/\"]}]},{\"@type\":\"BreadcrumbList\",\"@id\":\"https:\/\/prodalis.fr\/WP\/#breadcrumb\",\"itemListElement\":[{\"@type\":\"ListItem\",\"position\":1,\"name\":\"Accueil\",\"item\":\"https:\/\/prodalis.fr\/WP\/\"},{\"@type\":\"ListItem\",\"position\":2,\"name\":\"PRODALIS &#8211; Conseils et developpements informatiques\"}]},{\"@type\":\"WebSite\",\"@id\":\"https:\/\/prodalis.fr\/WP\/#website\",\"url\":\"https:\/\/prodalis.fr\/WP\/\",\"name\":\"PRODALIS\",\"description\":\"Editeur de logiciels web, windows et mobile. Conseils en informatique. Expert billetterie \u00e9v\u00e9nementielle\",\"potentialAction\":[{\"@type\":\"SearchAction\",\"target\":{\"@type\":\"EntryPoint\",\"urlTemplate\":\"https:\/\/prodalis.fr\/WP\/?s={search_term_string}\"},\"query-input\":\"required name=search_term_string\"}],\"inLanguage\":\"fr-FR\"}]}<\/script>\n<!-- \/ Yoast SEO plugin. -->","yoast_head_json":{"title":"PRODALIS - Conseils et developpements informatiques - PRODALIS","description":"PRODALIS SASU -Conseils et d\u00e9veloppements informatiques Web, Windows et iOS. PharmaStup : Registre comptable des stupefiants pour officines.","robots":{"index":"index","follow":"follow","max-snippet":"max-snippet:-1","max-image-preview":"max-image-preview:large","max-video-preview":"max-video-preview:-1"},"canonical":"https:\/\/prodalis.fr\/WP\/","og_locale":"fr_FR","og_type":"article","og_title":"PRODALIS - Conseils et developpements informatiques - PRODALIS","og_description":"PRODALIS SASU -Conseils et d\u00e9veloppements informatiques Web, Windows et iOS. PharmaStup : Registre comptable des stupefiants pour officines.","og_url":"https:\/\/prodalis.fr\/WP\/","og_site_name":"PRODALIS","article_modified_time":"2025-05-13T07:22:38+00:00","twitter_card":"summary_large_image","schema":{"@context":"https:\/\/schema.org","@graph":[{"@type":"WebPage","@id":"https:\/\/prodalis.fr\/WP\/","url":"https:\/\/prodalis.fr\/WP\/","name":"PRODALIS - Conseils et developpements informatiques - PRODALIS","isPartOf":{"@id":"https:\/\/prodalis.fr\/WP\/#website"},"datePublished":"2013-11-05T08:39:03+00:00","dateModified":"2025-05-13T07:22:38+00:00","description":"PRODALIS SASU -Conseils et d\u00e9veloppements informatiques Web, Windows et iOS. PharmaStup : Registre comptable des stupefiants pour officines.","breadcrumb":{"@id":"https:\/\/prodalis.fr\/WP\/#breadcrumb"},"inLanguage":"fr-FR","potentialAction":[{"@type":"ReadAction","target":["https:\/\/prodalis.fr\/WP\/"]}]},{"@type":"BreadcrumbList","@id":"https:\/\/prodalis.fr\/WP\/#breadcrumb","itemListElement":[{"@type":"ListItem","position":1,"name":"Accueil","item":"https:\/\/prodalis.fr\/WP\/"},{"@type":"ListItem","position":2,"name":"PRODALIS &#8211; Conseils et developpements informatiques"}]},{"@type":"WebSite","@id":"https:\/\/prodalis.fr\/WP\/#website","url":"https:\/\/prodalis.fr\/WP\/","name":"PRODALIS","description":"Editeur de logiciels web, windows et mobile. Conseils en informatique. Expert billetterie \u00e9v\u00e9nementielle","potentialAction":[{"@type":"SearchAction","target":{"@type":"EntryPoint","urlTemplate":"https:\/\/prodalis.fr\/WP\/?s={search_term_string}"},"query-input":"required name=search_term_string"}],"inLanguage":"fr-FR"}]}},"_links":{"self":[{"href":"https:\/\/prodalis.fr\/WP\/wp-json\/wp\/v2\/pages\/682"}],"collection":[{"href":"https:\/\/prodalis.fr\/WP\/wp-json\/wp\/v2\/pages"}],"about":[{"href":"https:\/\/prodalis.fr\/WP\/wp-json\/wp\/v2\/types\/page"}],"author":[{"embeddable":true,"href":"https:\/\/prodalis.fr\/WP\/wp-json\/wp\/v2\/users\/1"}],"replies":[{"embeddable":true,"href":"https:\/\/prodalis.fr\/WP\/wp-json\/wp\/v2\/comments?post=682"}],"version-history":[{"count":9,"href":"https:\/\/prodalis.fr\/WP\/wp-json\/wp\/v2\/pages\/682\/revisions"}],"predecessor-version":[{"id":1702,"href":"https:\/\/prodalis.fr\/WP\/wp-json\/wp\/v2\/pages\/682\/revisions\/1702"}],"wp:attachment":[{"href":"https:\/\/prodalis.fr\/WP\/wp-json\/wp\/v2\/media?parent=682"}],"curies":[{"name":"wp","href":"https:\/\/api.w.org\/{rel}","templated":true}]}}