{"id":1603,"date":"2017-03-21T08:55:17","date_gmt":"2017-03-21T07:55:17","guid":{"rendered":"http:\/\/r2mobilestudio.com\/WP\/?page_id=1603"},"modified":"2025-05-13T09:18:52","modified_gmt":"2025-05-13T07:18:52","slug":"vetostup","status":"publish","type":"page","link":"https:\/\/prodalis.fr\/WP\/vetostup\/","title":{"rendered":"VetoStup : Registre comptable des stupefiants"},"content":{"rendered":"<div class=\"module_line_trigger \" data-option=\"\" data-background=\" url('http:\/\/r2mobilestudio.com\/WP\/wp-content\/uploads\/2016\/05\/title-background.png') no-repeat 0 0\" data-top-padding=\"40px\" style=\"padding-bottom:40px;\"><div class='gt3_row-fluid'><div data-appear-top-offset='-100'  style='padding-bottom:0px;' class='gt3_col12 first-module module_number_1 module_cont  module_text_area '>\n                <div class='module_content'>\n                    <p style=\"text-align: center;\"><img src=\"\/WP\/wp-content\/uploads\/2017\/03\/VetoStupLogo2017.png\" alt=\"\" width=\"1901\" height=\"562\" \/><\/p>\n                <\/div><\/div><!-- .module_cont --><\/div><div class='gt3_row-fluid'><div data-appear-top-offset='-100'  style='padding-bottom:10px;' class='gt3_col12  module_number_2 module_cont center_title module_text_area '><div class='bg_title'><h1 style='color:#ffffff;text-align:center;' class='headInModule'>REGISTRE COMPTABLE DES STUPEFIANTS NUMERIQUE<\/br>POUR CLINIQUES VETERINAIRES<\/h1><\/div>\n                <div class='module_content'>\n                    \n                <\/div><\/div><!-- .module_cont --><\/div><\/div><!-- module_line_trigger --><div class='gt3_row-fluid'><div data-appear-top-offset='-100'  style='padding-bottom:40px;' class='gt3_col3  module_number_3 module_cont  module_iconboxes '>\n\t\t\t<div class='module_content shortcode_iconbox'>\n\t\t\t\t\t\t\t\n\t\t\t\t<div class='iconbox_wrapper'>\t\t\t\t\t\n\t\t\t\t\t\t<div class='ico_wrapper'>\n\t\t\t\t\t\t\t<div class='ico'>\n\t\t\t\t\t\t\t\t<span><i class=icon-stackexchange><\/i><\/span>\n\t\t\t\t\t\t\t<\/div>\n\t\t\t\t\t\t<\/div>\n\t\t\t\t\t\t<div class='iconbox_body'>\n\t\t\t\t\t\t\t<h5 class='iconbox_title'><b>SAISIE RAPIDE<\/b><\/h5>\n\t\t\t\t\t\t\t<p><p>Cr&eacute;ation&nbsp;simple et rapide des &eacute;critures.<br \/>Dispenses, livraisons&nbsp;et destructions<br \/>Nombre de sp&eacute;cialit&eacute;s illimit&eacute;.<br \/>Stock temps r&eacute;el.<\/p><\/p>\n\t\t\t\t\t\t<\/div>\t\t\t\t\t\n\t\t\t\t<\/div>\n\t\t\t\t\n\t\t\t<\/div>\n\t\t\t<\/div><!-- .module_cont --><div data-appear-top-offset='-100'  style='padding-bottom:40px;' class='gt3_col3  module_number_4 module_cont  module_iconboxes '>\n\t\t\t<div class='module_content shortcode_iconbox'>\n\t\t\t\t\t\t\t\n\t\t\t\t<div class='iconbox_wrapper'>\t\t\t\t\t\n\t\t\t\t\t\t<div class='ico_wrapper'>\n\t\t\t\t\t\t\t<div class='ico'>\n\t\t\t\t\t\t\t\t<span><i class=icon-unlock-alt><\/i><\/span>\n\t\t\t\t\t\t\t<\/div>\n\t\t\t\t\t\t<\/div>\n\t\t\t\t\t\t<div class='iconbox_body'>\n\t\t\t\t\t\t\t<h5 class='iconbox_title'><b>SECURITE ET CONFORMITE<\/b><\/h5>\n\t\t\t\t\t\t\t<p><p>Conforme&nbsp;au code de la sant&eacute; publique<br \/>Cryptage des donn&eacute;es sensibles<br \/>V&eacute;rification dynamique de coh&eacute;rence<br \/>Gestion des utilisateurs<\/p><\/p>\n\t\t\t\t\t\t<\/div>\t\t\t\t\t\n\t\t\t\t<\/div>\n\t\t\t\t\n\t\t\t<\/div>\n\t\t\t<\/div><!-- .module_cont --><div data-appear-top-offset='-100'  style='padding-bottom:40px;' class='gt3_col3  module_number_5 module_cont  module_iconboxes '>\n\t\t\t<div class='module_content shortcode_iconbox'>\n\t\t\t\t\t\t\t\n\t\t\t\t<div class='iconbox_wrapper'>\t\t\t\t\t\n\t\t\t\t\t\t<div class='ico_wrapper'>\n\t\t\t\t\t\t\t<div class='ico'>\n\t\t\t\t\t\t\t\t<span><i class=icon-search><\/i><\/span>\n\t\t\t\t\t\t\t<\/div>\n\t\t\t\t\t\t<\/div>\n\t\t\t\t\t\t<div class='iconbox_body'>\n\t\t\t\t\t\t\t<h5 class='iconbox_title'><b>RECHERCHE SIMPLIFIEE<\/b><\/h5>\n\t\t\t\t\t\t\t<p><p>Recherche Multi-crit&egrave;res<br \/>simple et rapide.<br \/>Ajout possible de commentaires sur chaque &eacute;criture.<\/p><\/p>\n\t\t\t\t\t\t<\/div>\t\t\t\t\t\n\t\t\t\t<\/div>\n\t\t\t\t\n\t\t\t<\/div>\n\t\t\t<\/div><!-- .module_cont --><div data-appear-top-offset='-100'  style='padding-bottom:40px;' class='gt3_col3  module_number_6 module_cont  module_iconboxes '>\n\t\t\t<div class='module_content shortcode_iconbox'>\n\t\t\t\t\t\t\t\n\t\t\t\t<div class='iconbox_wrapper'>\t\t\t\t\t\n\t\t\t\t\t\t<div class='ico_wrapper'>\n\t\t\t\t\t\t\t<div class='ico'>\n\t\t\t\t\t\t\t\t<span><i class=icon-file-text-alt><\/i><\/span>\n\t\t\t\t\t\t\t<\/div>\n\t\t\t\t\t\t<\/div>\n\t\t\t\t\t\t<div class='iconbox_body'>\n\t\t\t\t\t\t\t<h5 class='iconbox_title'><b>IMPRESSION DETAILLEE<\/b><\/h5>\n\t\t\t\t\t\t\t<p><p>Impression instantan&eacute;e des documents.<br \/>Etats journaliers, mensuels et annuels.<br \/>Sortie papier ou PDF.<br \/><br \/><\/p><\/p>\n\t\t\t\t\t\t<\/div>\t\t\t\t\t\n\t\t\t\t<\/div>\n\t\t\t\t\n\t\t\t<\/div>\n\t\t\t<\/div><!-- .module_cont --><\/div><div class='gt3_row-fluid'><div data-appear-top-offset='-100' data-animated='fadeIn' style='padding-bottom:10px;' class='gt3_col4  module_number_7 module_cont center_title module_text_area op0'>\n                <div class='module_content'>\n                    <p style=\"text-align: center;\">&nbsp;<\/p>\r\n<p style=\"text-align: center;\">&nbsp;<a href=\"\/WP\/wp-content\/uploads\/2016\/06\/Plaquette-PharmaStup.pdf\" target=\"_blank\" rel=\"noopener noreferrer\"><img src=\"\/WP\/wp-content\/uploads\/2016\/06\/Plaquette-Recto-Page_small.png\" alt=\"T&eacute;l&eacute;chargez la plaquette pharmastup\" \/><\/a><\/p>\r\n<p style=\"text-align: center;\"><a href=\"\/WP\/wp-content\/uploads\/2016\/06\/Plaquette-PharmaStup.pdf\" target=\"_blank\" rel=\"noopener noreferrer\">T&eacute;l&eacute;chargez la plaquette de&nbsp;<br \/>pr&eacute;sentation<\/a><\/p>\n                <\/div><\/div><!-- .module_cont --><div data-appear-top-offset='-100' data-animated='fadeIn' style='padding-bottom:40px;' class='gt3_col8  module_number_8 module_cont  module_accordion op0'><div class='bg_title'><h1 style='' class='headInModule'><b>Pourquoi choisir V\u00e9toStup ?<\/b><\/h1><\/div>\n                <div class='shortcode_accordion_shortcode accordion'><h5 data-count='1' class='shortcode_accordion_item_title expanded_yes'>Principales fonctionnalit\u00e9s<span class='ico'><\/span><\/h5><div class='shortcode_accordion_item_body'><div class='ip'><p>Prise en charge des livraisons, dispenses et destructions<br \/>Module de recherche multi-crit&egrave;res <br \/>Etats papier du registre : journaliers, mensuels et annuels avec balance et report<br \/>Impossibilit&eacute; de modifier une &eacute;criture apr&egrave;s son enregistrement<br \/>Ajout possible de commentaires sur chaque &eacute;criture du registre<br \/>Gestion des Sp&eacute;cialit&eacute;s<br \/>Gestion des Patients<br \/>Gestion des Fournisseurs<br \/>Gestion des Utilisateurs du syst&egrave;me avec droits&nbsp;<\/p><\/div><\/div><h5 data-count='2' class='shortcode_accordion_item_title expanded_no'>La s\u00e9curit\u00e9 avant tout !<span class='ico'><\/span><\/h5><div class='shortcode_accordion_item_body'><div class='ip'><p style=\"text-align: justify;\">Le logiciel&nbsp;<strong>r&eacute;pond&nbsp;pleinement<\/strong>&nbsp;&agrave;&nbsp;<a href=\"http:\/\/eye.sbc38.com\/c?q=xBDQ3NDCECUMUFJM0IfQjmAzQBFGFLZ4MDFXLVFDTFpVU0ZxakFpekJCaGFB2cpodHRwOi8vd3d3LmxlZ2lmcmFuY2UuZ291di5mci9hZmZpY2hDb2RlQXJ0aWNsZS5kbztqc2Vzc2lvbmlkPTBFNkZGQzQ3RTFBRUNGOTVCRTQyQkE1M0U2MjlBOTcyLnRwZGpvMDh2XzE_aWRBcnRpY2xlPUxFR0lBUlRJMDAwMDI1Nzg3NTcxJmNpZFRleHRlPUxFR0lURVhUMDAwMDA2MDcyNjY1JmNhdGVnb3JpZUxpZW49aWQmZGF0ZVRleHRlPTIwMTQwOTIypDQ4NzS2d1hqbE0zS1pzRWFuXzhBU200MTVzd7Vyb2xhbmR2YXVyQGhvdG1haWwuZnKbtnpEbjNWWWNIeGt1aFZzNkc2NE5OUUGgtkxBSktTZW9UY1Vtc2RuRUs3dk1FRFGgtnJFSTJvdWdfN2t1UmJWT2d2S1BaV3egtkxwQ1JTTTRKRkUyVUdQbklLYVE3dnegtm83aFNqdk5sQkVpVTJUUmFNcUh1ZWegtkxlTGhjOUZoekUyZkUxWmlVbjJkMkGgtmxoSlBSMDR5QVVHeDJqQUZLQzlua2egtmNTOUV1THAxZUVTazhuTjNBX3UzTFGgtllEdUw2ckp3a2tXNkg3ZnV2M254V2egtlRqaDgtam82R0VHcDE4b0t4N2RQVVGgtjFfdlo4ajg3UUVHS0Ffc1RoOUdWWVGgrWV5ZS5zYmMzOC5jb23EFNDVPAx-RdDQA3_QjdCGNzUpQfzQudCy0MUoLw\" target=\"_blank\" rel=\"noopener noreferrer\">l'article R5132-36 du code de la sant&eacute; publique<\/a>, concernant l'informatisation du registre compatble des stup&eacute;fiants.&nbsp;<br \/>Conform&eacute;ment &agrave; la reglementation, il est impossible de modifier une &eacute;criture apr&egrave;s son enregistrement.&nbsp;Un syst&egrave;me de cryptage et de v&eacute;rification de coh&eacute;rence permet de v&eacute;rifier la validit&eacute; des donn&eacute;es du registre.<\/p>\r\n<p style=\"text-align: justify;\">Chaque utilisateur dispose d'un code d'acc&egrave;s et de droits sp&eacute;cifique dans le logiciel.<br \/>Afin de garantir la confidentialit&eacute; totale, les donn&eacute;es du registre&nbsp; sont stock&eacute;es exclusivement sur le serveur de la&nbsp;pharmacie.&nbsp;<\/p>\r\n<p style=\"text-align: justify;\"><em><strong>Le saviez vous ?&nbsp;<\/strong><br \/>L'utilisation d'un tableau&nbsp;Excel pour g&eacute;rer votre registre n'est pas conforme au code de la sant&eacute; publique !&nbsp;<\/em><\/p>\r\n<p><em>&nbsp;<\/em><\/p><\/div><\/div><h5 data-count='3' class='shortcode_accordion_item_title expanded_no'>Souplesse d&#039;utilisation<span class='ico'><\/span><\/h5><div class='shortcode_accordion_item_body'><div class='ip'><p><span style=\"text-align: justify;\">Le module de recherche multi-crit&egrave;res permet de retrouver rapidement toutes vos &eacute;critures.<\/span><br style=\"text-align: justify;\" \/><span style=\"text-align: justify;\">Les balances et reports sont calcul&eacute;s automatiquement sur tous les &eacute;tats.<\/span><br style=\"text-align: justify;\" \/><span style=\"text-align: justify;\">L'ajout d'une sp&eacute;cialit&eacute; se fait en un simple click de souris !<\/span><\/p><\/div><\/div><h5 data-count='4' class='shortcode_accordion_item_title expanded_no'>Qu&#039;en pensent nos utilisateurs ?<span class='ico'><\/span><\/h5><div class='shortcode_accordion_item_body'><div class='ip'><h6 style=\"margin: 0px 0px 4px; font-weight: 300; word-wrap: break-word; padding: 0px; font-size: 16px; line-height: 18px; outline: none !important; font-family: 'Open Sans' !important; text-align: left;\"><em>\"Les &eacute;ditions des balances mensuelles, annuelles ainsi que les recherches crois&eacute;es (patients, prescripteurs, sp&eacute;cialit&eacute;s,...) se font en un seul clic et sont instantan&eacute;es.<\/em><\/h6>\r\n<h6 style=\"margin: 0px 0px 4px; font-weight: 300; word-wrap: break-word; padding: 0px; font-size: 16px; line-height: 18px; outline: none !important; font-family: 'Open Sans' !important; text-align: left;\"><em>Enorme gain de temps pour l'officine et pas d'erreur possible. [...]<\/em><\/h6>\r\n<h6 style=\"margin: 0px 0px 4px; font-weight: 300; word-wrap: break-word; padding: 0px; font-size: 16px; line-height: 18px; outline: none !important; font-family: 'Open Sans' !important; text-align: left;\"><em>Nous recommandons donc ce logiciel &agrave; toutes les pharmacies encore tributaires d'un registre papier.\"<\/em><\/h6>\r\n<h6 style=\"margin: 0px 0px 4px; font-weight: 300; word-wrap: break-word; padding: 0px; font-size: 16px; line-height: 18px; outline: none !important; font-family: 'Open Sans' !important; text-align: left;\"><strong><span style=\"color: #808080;\">Patrick J., Pharmacien<\/span><\/strong><\/h6>\r\n<p>&nbsp;<\/p>\r\n<h6 style=\"margin: 0px 0px 4px; font-weight: 300; word-wrap: break-word; padding: 0px; font-size: 16px; line-height: 18px; outline: none !important; font-family: 'Open Sans' !important; text-align: left;\"><em>\"Tous les feux sont au vert ! Merci pour cette appli, c'est pratique et efficace.\"<\/em><\/h6>\r\n<h6 style=\"margin: 0px 0px 4px; font-weight: 300; word-wrap: break-word; padding: 0px; font-size: 16px; line-height: 18px; outline: none !important; font-family: 'Open Sans' !important; text-align: left;\"><strong><span style=\"color: #808080;\">Jean-Emmanuel M., Pharmacien<\/span><\/strong><\/h6>\r\n<p>&nbsp;<\/p><\/div><\/div><\/div>\n\t\t\t<\/div><!-- .module_cont --><\/div><div class=\"module_line_trigger \" data-option=\"\" data-background=\" url('http:\/\/r2mobilestudio.com\/WP\/wp-content\/uploads\/2016\/05\/title-background.png') no-repeat 0 0\" data-top-padding=\"40px\" style=\"padding-bottom:40px;\"><div class='gt3_row-fluid'><div data-appear-top-offset='-100'  style='padding-bottom:0px;' class='gt3_col12  module_number_9 module_cont center_title module_text_area '><div class='bg_title'><h3 style='color:#ffffff;text-align:center;' class='headInModule'>Vous g\u00e9rez votre registre comptable des stup\u00e9fiants sur Excel ou sur papier ?<\/h3><\/div>\n                <div class='module_content'>\n                    \n                <\/div><\/div><!-- .module_cont --><\/div><div class='gt3_row-fluid'><div data-appear-top-offset='-100'  style='padding-bottom:0px;' class='gt3_col12  module_number_10 module_cont center_title module_text_area '><div class='bg_title'><h3 style='color:#ffffff;text-align:center;' class='headInModule'>Votre logiciel actuel de saisie ne r\u00e9pond pas \u00e0 vos attentes ?<\/h3><\/div>\n                <div class='module_content'>\n                    \n                <\/div><\/div><!-- .module_cont --><\/div><div class='gt3_row-fluid'><div data-appear-top-offset='-100'  style='padding-bottom:10px;' class='gt3_col12  module_number_11 module_cont center_title module_text_area '><div class='bg_title'><h1 style='color:#ffffff;text-align:center;' class='headInModule'>V\u00e9toStup a \u00e9t\u00e9 imagin\u00e9 pour vous !<\/h1><\/div>\n                <div class='module_content'>\n                    \n                <\/div><\/div><!-- .module_cont --><\/div><\/div><!-- module_line_trigger --><div class='gt3_row-fluid'><div data-appear-top-offset='-100'  style='padding-bottom:40px;' class='gt3_col6  module_number_12 module_cont center_title module_text_area '>\n                <div class='module_content'>\n                    <p style=\"text-align: center;\">&nbsp;<img class=\"alignnone size-medium wp-image-1274\" src=\"\/WP\/wp-content\/uploads\/2014\/08\/pharma_ecran-300x200.jpg\" alt=\"imacpng\" width=\"415\" height=\"276\" \/><\/p>\n                <\/div><\/div><!-- .module_cont --><div data-appear-top-offset='-100'  style='padding-bottom:40px;' class='gt3_col6  module_number_13 module_cont  module_text_area '>\n                <div class='module_content'>\n                    <p style=\"text-align: center;\"><strong>&nbsp;Testez sans engagement les fonctionnalit&eacute;s&nbsp;<br \/>du logiciel&nbsp;V&eacute;toStup<\/strong><strong>&nbsp;depuis votre&nbsp;navigateur:<\/strong><\/p>\r\n<p style=\"text-align: center;\"><strong><a href=\"http:\/\/demo.pharmastup.com\" target=\"_blank\" rel=\"noopener noreferrer\">http:\/\/demo.pharmastup.com<\/a><\/strong><\/p>\r\n<p style=\"text-align: center;\">&nbsp;<\/p>\r\n<p style=\"text-align: center;\"><a href=\"\/WP\/contact-vetostup\/\"><img src=\"\/WP\/wp-content\/uploads\/2016\/05\/btn-acces-test2.png\" alt=\"\" width=\"292\" height=\"64\" \/><\/a><\/p>\r\n<p style=\"text-align: center;\">&nbsp;<\/p>\r\n<p style=\"text-align: center;\">&nbsp;Vous pourrez vous rendre compte par vous m&ecirc;me<br \/>de la rapidit&eacute; de prise en main&nbsp;et de l'efficacit&eacute; du logiciel !<\/p>\n                <\/div><\/div><!-- .module_cont --><\/div><div class='gt3_row-fluid'><div data-appear-top-offset='-100'  style='padding-bottom:40px;' class='gt3_col12  module_number_14 module_cont  module_text_area '>\n                <div class='module_content'>\n                    <p style=\"text-align: center;\">&nbsp;<\/p>\r\n<p style=\"text-align: center;\"><strong>Suivez-nous sur facebook !<\/strong><\/p>\r\n<p style=\"text-align: center;\"><a href=\"http:\/\/facebook.com\/pharmastup\" target=\"_blank\" rel=\"noopener noreferrer\"><img style=\"display: block; margin-left: auto; margin-right: auto;\" src=\"\/WP\/wp-content\/uploads\/2016\/06\/social-facebook-box-blue-icon.png\" alt=\"\" width=\"45\" height=\"45\" \/><\/a><\/p>\n                <\/div><\/div><!-- .module_cont --><\/div>","protected":false},"excerpt":{"rendered":"<p>REGISTRE COMPTABLE DES STUPEFIANTS NUMERIQUEPOUR CLINIQUES VETERINAIRES SAISIE RAPIDE Cr&eacute;ation&nbsp;simple et rapide des &eacute;critures.Dispenses, livraisons&nbsp;et destructionsNombre de sp&eacute;cialit&eacute;s illimit&eacute;.Stock temps r&eacute;el. SECURITE ET CONFORMITE Conforme&nbsp;au code de la sant&eacute; publiqueCryptage des donn&eacute;es sensiblesV&eacute;rification dynamique de coh&eacute;renceGestion des utilisateurs RECHERCHE SIMPLIFIEE Recherche Multi-crit&egrave;ressimple et rapide.Ajout possible de commentaires sur chaque &eacute;criture. IMPRESSION DETAILLEE Impression instantan&eacute;e des documents.Etats journaliers, mensuels et annuels.Sortie papier ou PDF. &nbsp; &nbsp; T&eacute;l&eacute;chargez la plaquette de&nbsp;pr&eacute;sentation Pourquoi choisir V\u00e9toStup ? Principales fonctionnalit\u00e9sPrise en charge des livraisons, dispenses et destructionsModule de recherche multi-crit&egrave;res Etats papier du registre : journaliers, mensuels et annuels avec balance et reportImpossibilit&eacute; de modifier une &eacute;criture apr&egrave;s son enregistrementAjout possible de commentaires sur chaque &eacute;criture du registreGestion des Sp&eacute;cialit&eacute;sGestion des PatientsGestion des FournisseursGestion des Utilisateurs du syst&egrave;me avec droits&nbsp;La s\u00e9curit\u00e9 avant tout !Le logiciel&nbsp;r&eacute;pond&nbsp;pleinement&nbsp;&agrave;&nbsp;l&rsquo;article R5132-36 du code de la sant&eacute; publique, concernant l&rsquo;informatisation du registre compatble des stup&eacute;fiants.&nbsp;Conform&eacute;ment &agrave; la reglementation, il est impossible de modifier une &eacute;criture apr&egrave;s son enregistrement.&nbsp;Un syst&egrave;me de cryptage et de v&eacute;rification de coh&eacute;rence permet de v&eacute;rifier la validit&eacute; des donn&eacute;es du registre. Chaque utilisateur dispose d&rsquo;un code d&rsquo;acc&egrave;s et de droits sp&eacute;cifique dans le logiciel.Afin de garantir la confidentialit&eacute; totale, les donn&eacute;es du registre&nbsp; sont stock&eacute;es exclusivement sur [&hellip;]<\/p>\n","protected":false},"author":1,"featured_media":0,"parent":0,"menu_order":0,"comment_status":"open","ping_status":"open","template":"","meta":{"_mi_skip_tracking":false},"yoast_head":"<!-- This site is optimized with the Yoast SEO plugin v19.8 - https:\/\/yoast.com\/wordpress\/plugins\/seo\/ -->\n<title>VetoStup : Registre comptable des stupefiants - PRODALIS<\/title>\n<meta name=\"description\" content=\"Logiciel de gestion du registre comptable des stupefiants pour cliniques v\u00e9t\u00e9rinaires. Vetostup remplace le registre papier et les documents Excel.\" \/>\n<meta name=\"robots\" content=\"index, follow, max-snippet:-1, max-image-preview:large, max-video-preview:-1\" \/>\n<link rel=\"canonical\" href=\"https:\/\/prodalis.fr\/WP\/vetostup\/\" \/>\n<meta property=\"og:locale\" content=\"fr_FR\" \/>\n<meta property=\"og:type\" content=\"article\" \/>\n<meta property=\"og:title\" content=\"VetoStup : Registre comptable des stupefiants - PRODALIS\" \/>\n<meta property=\"og:description\" content=\"Logiciel de gestion du registre comptable des stupefiants pour cliniques v\u00e9t\u00e9rinaires. Vetostup remplace le registre papier et les documents Excel.\" \/>\n<meta property=\"og:url\" content=\"https:\/\/prodalis.fr\/WP\/vetostup\/\" \/>\n<meta property=\"og:site_name\" content=\"PRODALIS\" \/>\n<meta property=\"article:modified_time\" content=\"2025-05-13T07:18:52+00:00\" \/>\n<meta name=\"twitter:card\" content=\"summary_large_image\" \/>\n<script type=\"application\/ld+json\" class=\"yoast-schema-graph\">{\"@context\":\"https:\/\/schema.org\",\"@graph\":[{\"@type\":\"WebPage\",\"@id\":\"https:\/\/prodalis.fr\/WP\/vetostup\/\",\"url\":\"https:\/\/prodalis.fr\/WP\/vetostup\/\",\"name\":\"VetoStup : Registre comptable des stupefiants - PRODALIS\",\"isPartOf\":{\"@id\":\"https:\/\/prodalis.fr\/WP\/#website\"},\"datePublished\":\"2017-03-21T07:55:17+00:00\",\"dateModified\":\"2025-05-13T07:18:52+00:00\",\"description\":\"Logiciel de gestion du registre comptable des stupefiants pour cliniques v\u00e9t\u00e9rinaires. Vetostup remplace le registre papier et les documents Excel.\",\"breadcrumb\":{\"@id\":\"https:\/\/prodalis.fr\/WP\/vetostup\/#breadcrumb\"},\"inLanguage\":\"fr-FR\",\"potentialAction\":[{\"@type\":\"ReadAction\",\"target\":[\"https:\/\/prodalis.fr\/WP\/vetostup\/\"]}]},{\"@type\":\"BreadcrumbList\",\"@id\":\"https:\/\/prodalis.fr\/WP\/vetostup\/#breadcrumb\",\"itemListElement\":[{\"@type\":\"ListItem\",\"position\":1,\"name\":\"Accueil\",\"item\":\"https:\/\/prodalis.fr\/WP\/\"},{\"@type\":\"ListItem\",\"position\":2,\"name\":\"VetoStup : Registre comptable des stupefiants\"}]},{\"@type\":\"WebSite\",\"@id\":\"https:\/\/prodalis.fr\/WP\/#website\",\"url\":\"https:\/\/prodalis.fr\/WP\/\",\"name\":\"PRODALIS\",\"description\":\"Editeur de logiciels web, windows et mobile. Conseils en informatique. Expert billetterie \u00e9v\u00e9nementielle\",\"potentialAction\":[{\"@type\":\"SearchAction\",\"target\":{\"@type\":\"EntryPoint\",\"urlTemplate\":\"https:\/\/prodalis.fr\/WP\/?s={search_term_string}\"},\"query-input\":\"required name=search_term_string\"}],\"inLanguage\":\"fr-FR\"}]}<\/script>\n<!-- \/ Yoast SEO plugin. -->","yoast_head_json":{"title":"VetoStup : Registre comptable des stupefiants - PRODALIS","description":"Logiciel de gestion du registre comptable des stupefiants pour cliniques v\u00e9t\u00e9rinaires. Vetostup remplace le registre papier et les documents Excel.","robots":{"index":"index","follow":"follow","max-snippet":"max-snippet:-1","max-image-preview":"max-image-preview:large","max-video-preview":"max-video-preview:-1"},"canonical":"https:\/\/prodalis.fr\/WP\/vetostup\/","og_locale":"fr_FR","og_type":"article","og_title":"VetoStup : Registre comptable des stupefiants - PRODALIS","og_description":"Logiciel de gestion du registre comptable des stupefiants pour cliniques v\u00e9t\u00e9rinaires. Vetostup remplace le registre papier et les documents Excel.","og_url":"https:\/\/prodalis.fr\/WP\/vetostup\/","og_site_name":"PRODALIS","article_modified_time":"2025-05-13T07:18:52+00:00","twitter_card":"summary_large_image","schema":{"@context":"https:\/\/schema.org","@graph":[{"@type":"WebPage","@id":"https:\/\/prodalis.fr\/WP\/vetostup\/","url":"https:\/\/prodalis.fr\/WP\/vetostup\/","name":"VetoStup : Registre comptable des stupefiants - PRODALIS","isPartOf":{"@id":"https:\/\/prodalis.fr\/WP\/#website"},"datePublished":"2017-03-21T07:55:17+00:00","dateModified":"2025-05-13T07:18:52+00:00","description":"Logiciel de gestion du registre comptable des stupefiants pour cliniques v\u00e9t\u00e9rinaires. Vetostup remplace le registre papier et les documents Excel.","breadcrumb":{"@id":"https:\/\/prodalis.fr\/WP\/vetostup\/#breadcrumb"},"inLanguage":"fr-FR","potentialAction":[{"@type":"ReadAction","target":["https:\/\/prodalis.fr\/WP\/vetostup\/"]}]},{"@type":"BreadcrumbList","@id":"https:\/\/prodalis.fr\/WP\/vetostup\/#breadcrumb","itemListElement":[{"@type":"ListItem","position":1,"name":"Accueil","item":"https:\/\/prodalis.fr\/WP\/"},{"@type":"ListItem","position":2,"name":"VetoStup : Registre comptable des stupefiants"}]},{"@type":"WebSite","@id":"https:\/\/prodalis.fr\/WP\/#website","url":"https:\/\/prodalis.fr\/WP\/","name":"PRODALIS","description":"Editeur de logiciels web, windows et mobile. Conseils en informatique. Expert billetterie \u00e9v\u00e9nementielle","potentialAction":[{"@type":"SearchAction","target":{"@type":"EntryPoint","urlTemplate":"https:\/\/prodalis.fr\/WP\/?s={search_term_string}"},"query-input":"required name=search_term_string"}],"inLanguage":"fr-FR"}]}},"_links":{"self":[{"href":"https:\/\/prodalis.fr\/WP\/wp-json\/wp\/v2\/pages\/1603"}],"collection":[{"href":"https:\/\/prodalis.fr\/WP\/wp-json\/wp\/v2\/pages"}],"about":[{"href":"https:\/\/prodalis.fr\/WP\/wp-json\/wp\/v2\/types\/page"}],"author":[{"embeddable":true,"href":"https:\/\/prodalis.fr\/WP\/wp-json\/wp\/v2\/users\/1"}],"replies":[{"embeddable":true,"href":"https:\/\/prodalis.fr\/WP\/wp-json\/wp\/v2\/comments?post=1603"}],"version-history":[{"count":1,"href":"https:\/\/prodalis.fr\/WP\/wp-json\/wp\/v2\/pages\/1603\/revisions"}],"predecessor-version":[{"id":1604,"href":"https:\/\/prodalis.fr\/WP\/wp-json\/wp\/v2\/pages\/1603\/revisions\/1604"}],"wp:attachment":[{"href":"https:\/\/prodalis.fr\/WP\/wp-json\/wp\/v2\/media?parent=1603"}],"curies":[{"name":"wp","href":"https:\/\/api.w.org\/{rel}","templated":true}]}}